{"id":247,"date":"2023-04-05T08:37:49","date_gmt":"2023-04-05T11:37:49","guid":{"rendered":"https:\/\/apengsoft.ddns.net\/wp\/?page_id=247"},"modified":"2023-04-05T09:07:11","modified_gmt":"2023-04-05T12:07:11","slug":"politica-de-privacidade-3","status":"publish","type":"page","link":"https:\/\/apengsoft.ddns.net\/wp\/?page_id=247","title":{"rendered":"Nossa pol\u00edtica de privacidade"},"content":{"rendered":"<div class=\"cli_pg_page_contaner\">\n<div>Esta Pol\u00edtica de Cookies explica o que s\u00e3o cookies e como os usamos, os tipos de cookies que usamos, ou seja, as informa\u00e7\u00f5es que coletamos usando cookies e como essas informa\u00e7\u00f5es s\u00e3o usadas e como controlar as prefer\u00eancias de cookies. Para obter mais informa\u00e7\u00f5es sobre como usamos, armazenamos e mantemos seus dados pessoais seguros, consulte nossa Pol\u00edtica de Privacidade. Voc\u00ea pode, a qualquer momento, alterar ou retirar seu consentimento da Declara\u00e7\u00e3o de Cookie em nosso site Saiba mais sobre quem somos, como voc\u00ea pode nos contatar e como processamos dados pessoais em nossa Pol\u00edtica de Privacidade. Seu consentimento se aplica ao seguinte dom\u00ednio: <a href=\"https:\/\/www.apengenharia.com.br\">apengenharia.com.br<\/a>&nbsp; <div class=\"cli_user_consent_state\">Seu estado atual: N\u00e3o foi dado consentimento. <a class=\"cli_manage_current_consent\" style=\"cursor:pointer;text-decoration:underline;\">Gerenciar consentimento.<\/a> <\/div><\/div>\n<h3><strong>O que s\u00e3o cookies?<\/strong><\/h3>\n<div>Cookies s\u00e3o pequenos arquivos de texto usados para armazenar pequenas informa\u00e7\u00f5es. Eles s\u00e3o armazenados em seu dispositivo quando o site \u00e9 carregado em seu navegador. Esses cookies nos ajudam a fazer o site funcionar corretamente, torn\u00e1-lo mais seguro, fornece uma melhor experi\u00eancia do usu\u00e1rio e entender como o site funciona e analisar o que funciona e onde precisa ser melhorado.<\/div>\n<h3><strong>Como usamos cookies?<\/strong><\/h3>\n<div>\n<p>Como a maioria dos servi\u00e7os online, nosso site usa cookies prim\u00e1rios e de terceiros para diversos fins. Os cookies prim\u00e1rios s\u00e3o principalmente necess\u00e1rios para o funcionamento correto do site e n\u00e3o coletam nenhum de seus dados de identifica\u00e7\u00e3o pessoal.<\/p>\n<p>Os cookies de terceiros usados em nosso site s\u00e3o principalmente para entender como o site funciona, como voc\u00ea interage com nosso site, mantendo nossos servi\u00e7os seguros, fornecendo an\u00fancios que s\u00e3o relevantes para voc\u00ea e, em suma, proporcionando-lhe um usu\u00e1rio melhor e melhor experi\u00eancia e ajudar a acelerar suas futuras intera\u00e7\u00f5es com nosso site.<\/p>\n<p><strong style=\"font-size: 1.125rem;\">Que tipos de cookies usamos?<\/strong><\/p>\n<\/div>\n<div>\n<p><strong>Essencial:<\/strong> Alguns cookies s\u00e3o essenciais para que voc\u00ea possa experimentar todas as funcionalidades do nosso site. Eles nos permitem manter as sess\u00f5es do usu\u00e1rio e prevenir quaisquer amea\u00e7as \u00e0 seguran\u00e7a. Eles n\u00e3o coletam ou armazenam nenhuma informa\u00e7\u00e3o pessoal. Por exemplo, esses cookies permitem que voc\u00ea fa\u00e7a login em sua conta, adicione produtos \u00e0 sua cesta e finalize a compra com seguran\u00e7a.<\/p>\n<p><strong>Estat\u00edsticas:<\/strong> Esses cookies armazenam informa\u00e7\u00f5es como o n\u00famero de visitantes do site, o n\u00famero de visitantes \u00fanicos, quais p\u00e1ginas do site foram visitadas, a origem da visita, etc. Esses dados nos ajudam a entender e analisar o desempenho do site e onde precisa de melhorias.<\/p>\n<p><strong>Marketing:<\/strong> Nosso site exibe an\u00fancios. Esses cookies s\u00e3o usados \u200b\u200bpara personalizar os an\u00fancios que mostramos a voc\u00ea para que sejam significativos para voc\u00ea. Esses cookies tamb\u00e9m nos ajudam a acompanhar a efici\u00eancia dessas campanhas publicit\u00e1rias.<\/p>\n<p>As informa\u00e7\u00f5es armazenadas nesses cookies tamb\u00e9m podem ser usadas por provedores de an\u00fancios de terceiros para exibir an\u00fancios em outros sites no navegador tamb\u00e9m.<\/p>\n<p><strong>Funcional:<\/strong> Estes s\u00e3o os cookies que auxiliam certas funcionalidades n\u00e3o essenciais em nosso site. Essas funcionalidades incluem a incorpora\u00e7\u00e3o de conte\u00fado como v\u00eddeos ou o compartilhamento de conte\u00fado do site em plataformas de m\u00eddia social.<\/p>\n<p><strong>Prefer\u00eancias:<\/strong> Esses cookies nos ajudam a armazenar suas configura\u00e7\u00f5es e prefer\u00eancias de navega\u00e7\u00e3o, como prefer\u00eancias de idioma, para que voc\u00ea tenha uma experi\u00eancia melhor e eficiente em futuras visitas ao site.<\/p>\n<p>The below list details the cookies used in our website.<\/p><table class=\"cookielawinfo-row-cat-table cookielawinfo-classic\"><thead><tr><th class=\"cookielawinfo-column-1\">Cookie<\/th><th class=\"cookielawinfo-column-4\">Descri\u00e7\u00e3o<\/th><\/tr><\/thead><tbody><tr class=\"cookielawinfo-row\"><td class=\"cookielawinfo-column-1\">cookielawinfo-checkbox-analytics<\/td><td class=\"cookielawinfo-column-4\">Este cookie \u00e9 definido pelo plug-in GDPR Cookie Consent. O cookie \u00e9 usado para armazenar o consentimento do usu\u00e1rio para os cookies na categoria \"An\u00e1lise\".<\/td><\/tr><tr class=\"cookielawinfo-row\"><td class=\"cookielawinfo-column-1\">cookielawinfo-checkbox-functional<\/td><td class=\"cookielawinfo-column-4\">O cookie \u00e9 definido pelo consentimento do cookie GDPR para registrar o consentimento do usu\u00e1rio para os cookies na categoria \"Funcional\".<\/td><\/tr><tr class=\"cookielawinfo-row\"><td class=\"cookielawinfo-column-1\">cookielawinfo-checkbox-necessary<\/td><td class=\"cookielawinfo-column-4\">Este cookie \u00e9 definido pelo plug-in GDPR Cookie Consent. Os cookies s\u00e3o usados para armazenar o consentimento do usu\u00e1rio para os cookies na categoria \"Necess\u00e1rio\".<\/td><\/tr><tr class=\"cookielawinfo-row\"><td class=\"cookielawinfo-column-1\">cookielawinfo-checkbox-others<\/td><td class=\"cookielawinfo-column-4\">Este cookie \u00e9 definido pelo plugin GDPR Cookie Consent. O cookie \u00e9 usado para armazenar o consentimento do usu\u00e1rio para os cookies na categoria \"Outros\".<\/td><\/tr><tr class=\"cookielawinfo-row\"><td class=\"cookielawinfo-column-1\">cookielawinfo-checkbox-performance<\/td><td class=\"cookielawinfo-column-4\">Este cookie \u00e9 definido pelo plug-in GDPR Cookie Consent. O cookie \u00e9 usado para armazenar o consentimento do usu\u00e1rio para os cookies na categoria \"Desempenho\".<\/td><\/tr><tr class=\"cookielawinfo-row\"><td class=\"cookielawinfo-column-1\">viewed_cookie_policy<\/td><td class=\"cookielawinfo-column-4\">O cookie \u00e9 definido pelo plug-in GDPR Cookie Consent e \u00e9 usado para armazenar se o usu\u00e1rio consentiu ou n\u00e3o com o uso de cookies. <strong>Ele n\u00e3o armazena nenhum dado pessoal.<\/strong><\/td><\/tr><\/tbody><\/table>\n<\/div>\n<p>Como posso controlar as prefer\u00eancias de cookies?<\/p>\n<div>\n<p>Caso decida alterar suas prefer\u00eancias posteriormente durante a sess\u00e3o de navega\u00e7\u00e3o, voc\u00ea pode clicar na guia \u201cPol\u00edtica de Privacidade e Cookies\u201d em sua tela. Isso exibir\u00e1 o aviso de consentimento novamente, permitindo que voc\u00ea altere suas prefer\u00eancias ou retire totalmente o seu consentimento.<\/p>\n<p>Al\u00e9m disso, diferentes navegadores fornecem m\u00e9todos diferentes para bloquear e excluir cookies usados por sites. Voc\u00ea pode alterar as configura\u00e7\u00f5es do seu navegador para bloquear \/ excluir os cookies. Para saber mais sobre como gerenciar e excluir cookies, visite wikipedia.org, www.allaboutcookies.org.<\/p>\n<\/div>\n<\/div>\n","protected":false},"excerpt":{"rendered":"<p>Esta Pol\u00edtica de Cookies explica o que s\u00e3o cookies e como os usamos, os tipos de cookies que usamos, ou seja, as informa\u00e7\u00f5es que coletamos usando cookies e como essas informa\u00e7\u00f5es s\u00e3o usadas e como controlar as prefer\u00eancias de cookies. Para obter mais informa\u00e7\u00f5es sobre como usamos, armazenamos e mantemos seus dados pessoais seguros, consulte &hellip; <\/p>\n<p class=\"link-more\"><a href=\"https:\/\/apengsoft.ddns.net\/wp\/?page_id=247\" class=\"more-link\">Continue lendo<span class=\"screen-reader-text\"> &#8220;Nossa pol\u00edtica de privacidade&#8221;<\/span><\/a><\/p>\n","protected":false},"author":1,"featured_media":0,"parent":0,"menu_order":0,"comment_status":"closed","ping_status":"closed","template":"","meta":{"_joinchat":[],"footnotes":""},"class_list":["post-247","page","type-page","status-publish","hentry"],"_links":{"self":[{"href":"https:\/\/apengsoft.ddns.net\/wp\/index.php?rest_route=\/wp\/v2\/pages\/247","targetHints":{"allow":["GET"]}}],"collection":[{"href":"https:\/\/apengsoft.ddns.net\/wp\/index.php?rest_route=\/wp\/v2\/pages"}],"about":[{"href":"https:\/\/apengsoft.ddns.net\/wp\/index.php?rest_route=\/wp\/v2\/types\/page"}],"author":[{"embeddable":true,"href":"https:\/\/apengsoft.ddns.net\/wp\/index.php?rest_route=\/wp\/v2\/users\/1"}],"replies":[{"embeddable":true,"href":"https:\/\/apengsoft.ddns.net\/wp\/index.php?rest_route=%2Fwp%2Fv2%2Fcomments&post=247"}],"version-history":[{"count":3,"href":"https:\/\/apengsoft.ddns.net\/wp\/index.php?rest_route=\/wp\/v2\/pages\/247\/revisions"}],"predecessor-version":[{"id":251,"href":"https:\/\/apengsoft.ddns.net\/wp\/index.php?rest_route=\/wp\/v2\/pages\/247\/revisions\/251"}],"wp:attachment":[{"href":"https:\/\/apengsoft.ddns.net\/wp\/index.php?rest_route=%2Fwp%2Fv2%2Fmedia&parent=247"}],"curies":[{"name":"wp","href":"https:\/\/api.w.org\/{rel}","templated":true}]}}