{"id":49,"date":"2021-07-14T11:53:43","date_gmt":"2021-07-14T14:53:43","guid":{"rendered":"https:\/\/apengsoft.ddns.net\/wp\/?page_id=49"},"modified":"2021-07-14T19:08:01","modified_gmt":"2021-07-14T22:08:01","slug":"quesomos","status":"publish","type":"page","link":"https:\/\/apengsoft.ddns.net\/wp\/?page_id=49","title":{"rendered":"Que somos"},"content":{"rendered":"\n<h2 class=\"wp-block-heading\">Nossa hist\u00f3ria come\u00e7ou&#8230;<\/h2>\n\n\n\n<blockquote class=\"wp-block-quote is-layout-flow wp-block-quote-is-layout-flow\"><p>A AP Engenharia de Software desde sua funda\u00e7\u00e3o em 1.991 tem como objetivo ajudar as pessoas atrav\u00e9s da tecnologia. Sempre buscamos compreender por completo e em detalhes o processo do usu\u00e1rio, com este conhecimento conseguimos entregar ferramentas de software bem elaboradas que permitem que nosso usu\u00e1rio efetue suas opera\u00e7\u00f5es com sucesso. Nossos usu\u00e1rios sempre dizem ao final do processo foi: &#8220;Simples e L\u00f3gico&#8221;<\/p><\/blockquote>\n\n\n\n<h2 class=\"wp-block-heading\">Miss\u00e3o<\/h2>\n\n\n\n<blockquote class=\"wp-block-quote is-layout-flow wp-block-quote-is-layout-flow\"><p>Oferecer ao mercado ferramentas de software com tecnologia de ponta para melhoria dos processos promovendo melhor controle mais confiabilidade e seguran\u00e7a. Encapsular a tecnologia para que a ferramenta de software seja SIMPLES e L\u00d3GICA<\/p><\/blockquote>\n","protected":false},"excerpt":{"rendered":"<p>Nossa hist\u00f3ria come\u00e7ou&#8230; A AP Engenharia de Software desde sua funda\u00e7\u00e3o em 1.991 tem como objetivo ajudar as pessoas atrav\u00e9s da tecnologia. Sempre buscamos compreender por completo e em detalhes o processo do usu\u00e1rio, com este conhecimento conseguimos entregar ferramentas de software bem elaboradas que permitem que nosso usu\u00e1rio efetue suas opera\u00e7\u00f5es com sucesso. Nossos &hellip; <\/p>\n<p class=\"link-more\"><a href=\"https:\/\/apengsoft.ddns.net\/wp\/?page_id=49\" class=\"more-link\">Continue lendo<span class=\"screen-reader-text\"> &#8220;Que somos&#8221;<\/span><\/a><\/p>\n","protected":false},"author":1,"featured_media":0,"parent":0,"menu_order":0,"comment_status":"closed","ping_status":"closed","template":"","meta":{"_joinchat":[],"footnotes":""},"class_list":["post-49","page","type-page","status-publish","hentry"],"_links":{"self":[{"href":"https:\/\/apengsoft.ddns.net\/wp\/index.php?rest_route=\/wp\/v2\/pages\/49","targetHints":{"allow":["GET"]}}],"collection":[{"href":"https:\/\/apengsoft.ddns.net\/wp\/index.php?rest_route=\/wp\/v2\/pages"}],"about":[{"href":"https:\/\/apengsoft.ddns.net\/wp\/index.php?rest_route=\/wp\/v2\/types\/page"}],"author":[{"embeddable":true,"href":"https:\/\/apengsoft.ddns.net\/wp\/index.php?rest_route=\/wp\/v2\/users\/1"}],"replies":[{"embeddable":true,"href":"https:\/\/apengsoft.ddns.net\/wp\/index.php?rest_route=%2Fwp%2Fv2%2Fcomments&post=49"}],"version-history":[{"count":2,"href":"https:\/\/apengsoft.ddns.net\/wp\/index.php?rest_route=\/wp\/v2\/pages\/49\/revisions"}],"predecessor-version":[{"id":65,"href":"https:\/\/apengsoft.ddns.net\/wp\/index.php?rest_route=\/wp\/v2\/pages\/49\/revisions\/65"}],"wp:attachment":[{"href":"https:\/\/apengsoft.ddns.net\/wp\/index.php?rest_route=%2Fwp%2Fv2%2Fmedia&parent=49"}],"curies":[{"name":"wp","href":"https:\/\/api.w.org\/{rel}","templated":true}]}}