{"id":66,"date":"2021-07-14T20:11:43","date_gmt":"2021-07-14T23:11:43","guid":{"rendered":"https:\/\/apengsoft.ddns.net\/wp\/?page_id=66"},"modified":"2021-08-27T07:52:53","modified_gmt":"2021-08-27T10:52:53","slug":"portifolio","status":"publish","type":"page","link":"https:\/\/apengsoft.ddns.net\/wp\/?page_id=66","title":{"rendered":"Portf\u00f3lio"},"content":{"rendered":"\n<blockquote class=\"wp-block-quote is-layout-flow wp-block-quote-is-layout-flow\"><p>SagAP &#8211; Sistema Administrador Gerencial<\/p><cite>T<em>em por objetivo simplificar e agilizar processos, al\u00e9m<\/em><br><em>de ser uma ferramenta \u00fatil para an\u00e1lises e tomadas de decis\u00f5es para a empresa, permitindo<\/em><br><em>aos seus usu\u00e1rios desenvolverem tarefas de forma mais f\u00e1cil, simples e \u00e1gil. Suas<\/em><br><em>funcionalidades est\u00e3o subdivididas em menus sugestivos com o objetivo de agilizar os<\/em><br><em>diversos processos, entre eles cadastros, manuten\u00e7\u00e3o de movimentos, visualiza\u00e7\u00e3o e<\/em><br><em>impress\u00e3o de relat\u00f3rios, permitindo ter uma melhor visualiza\u00e7\u00e3o de toda ordem<\/em><br><em>organizacional.<\/em><\/cite><\/blockquote>\n\n\n\n<p><\/p>\n\n\n\n<blockquote class=\"wp-block-quote is-layout-flow wp-block-quote-is-layout-flow\"><p>APNfe &#8211; Emissor de Nota Fiscal Eletr\u00f4nica<\/p><cite>Nota Fiscal Eletr\u00f4nica, permite atrav\u00e9s de simples etapas, gerar toda a<br>rotina para NF-e, desde a manuten\u00e7\u00e3o da Nota Fiscal at\u00e9 seu envio e impress\u00e3o do DANFE<\/cite><\/blockquote>\n\n\n\n<p><\/p>\n\n\n\n<blockquote class=\"wp-block-quote is-layout-flow wp-block-quote-is-layout-flow\"><p>FrenteCaixa &#8211; Emissor de Cupom Fiscal<\/p><cite>M\u00f3dulo automatiza as vendas e os or\u00e7amentos de<br>para os clientes no balc\u00e3o, facilitado sua identifica\u00e7\u00e3o, a consulta de pre\u00e7os bem como seu recebimento, emitindo com facilidade o CFe \/ eSat.<\/cite><\/blockquote>\n\n\n\n<p><\/p>\n\n\n\n<blockquote class=\"wp-block-quote is-layout-flow wp-block-quote-is-layout-flow\"><p>APMDFe &#8211; Emissor de Manifesto de Documento Fiscal Eletr\u00f4nico <\/p><cite>M\u00f3dulo respons\u00e1vel por gerenciar e emitir  DAMDFE documento obrigat\u00f3ria para o transporte de suas mercadorias em todo o territ\u00f3rio nacional.<\/cite><\/blockquote>\n\n\n\n<p><\/p>\n\n\n\n<blockquote class=\"wp-block-quote is-layout-flow wp-block-quote-is-layout-flow\"><p>APImportaNfe &#8211; Importador de NFe por XML <\/p><cite>M\u00f3dulo respons\u00e1vel pela importa\u00e7\u00e3o de XML de suas notas de entradas bem como o seus download do site da receita por sua chave, manifestado a ci\u00eancia bem como <\/cite><\/blockquote>\n\n\n\n<p><\/p>\n\n\n\n<blockquote class=\"wp-block-quote is-layout-flow wp-block-quote-is-layout-flow\"><p>APReceber &#8211; APPagar &#8211; Gest\u00e3o Financeira <\/p><cite>M\u00f3dulos respons\u00e1veis pela controle financeiro<\/cite><\/blockquote>\n\n\n\n<p><\/p>\n\n\n\n<blockquote class=\"wp-block-quote is-layout-flow wp-block-quote-is-layout-flow\"><p>APContab &#8211; APAtivo &#8211; Gest\u00e3o Cont\u00e1bil <\/p><cite>M\u00f3dulos respons\u00e1veis pela controle cont\u00e1bil<\/cite><\/blockquote>\n\n\n\n<p><\/p>\n\n\n\n<blockquote class=\"wp-block-quote is-layout-flow wp-block-quote-is-layout-flow\"><p>APFolha &#8211; APPonto &#8211; APeSocial &#8211; Gest\u00e3o Pessoal <\/p><cite>M\u00f3dulo respons\u00e1vel pela controle do Recursos humanos.<\/cite><\/blockquote>\n\n\n\n<p><\/p>\n","protected":false},"excerpt":{"rendered":"<p>SagAP &#8211; Sistema Administrador Gerencial Tem por objetivo simplificar e agilizar processos, al\u00e9mde ser uma ferramenta \u00fatil para an\u00e1lises e tomadas de decis\u00f5es para a empresa, permitindoaos seus usu\u00e1rios desenvolverem tarefas de forma mais f\u00e1cil, simples e \u00e1gil. Suasfuncionalidades est\u00e3o subdivididas em menus sugestivos com o objetivo de agilizar osdiversos processos, entre eles cadastros, manuten\u00e7\u00e3o &hellip; <\/p>\n<p class=\"link-more\"><a href=\"https:\/\/apengsoft.ddns.net\/wp\/?page_id=66\" class=\"more-link\">Continue lendo<span class=\"screen-reader-text\"> &#8220;Portf\u00f3lio&#8221;<\/span><\/a><\/p>\n","protected":false},"author":1,"featured_media":0,"parent":0,"menu_order":0,"comment_status":"closed","ping_status":"closed","template":"","meta":{"_joinchat":[],"footnotes":""},"class_list":["post-66","page","type-page","status-publish","hentry"],"_links":{"self":[{"href":"https:\/\/apengsoft.ddns.net\/wp\/index.php?rest_route=\/wp\/v2\/pages\/66","targetHints":{"allow":["GET"]}}],"collection":[{"href":"https:\/\/apengsoft.ddns.net\/wp\/index.php?rest_route=\/wp\/v2\/pages"}],"about":[{"href":"https:\/\/apengsoft.ddns.net\/wp\/index.php?rest_route=\/wp\/v2\/types\/page"}],"author":[{"embeddable":true,"href":"https:\/\/apengsoft.ddns.net\/wp\/index.php?rest_route=\/wp\/v2\/users\/1"}],"replies":[{"embeddable":true,"href":"https:\/\/apengsoft.ddns.net\/wp\/index.php?rest_route=%2Fwp%2Fv2%2Fcomments&post=66"}],"version-history":[{"count":6,"href":"https:\/\/apengsoft.ddns.net\/wp\/index.php?rest_route=\/wp\/v2\/pages\/66\/revisions"}],"predecessor-version":[{"id":195,"href":"https:\/\/apengsoft.ddns.net\/wp\/index.php?rest_route=\/wp\/v2\/pages\/66\/revisions\/195"}],"wp:attachment":[{"href":"https:\/\/apengsoft.ddns.net\/wp\/index.php?rest_route=%2Fwp%2Fv2%2Fmedia&parent=66"}],"curies":[{"name":"wp","href":"https:\/\/api.w.org\/{rel}","templated":true}]}}